{"id":32652,"date":"2020-05-26T10:16:03","date_gmt":"2020-05-26T08:16:03","guid":{"rendered":"https:\/\/relnet.hu\/kepzesek\/"},"modified":"2025-04-04T09:16:37","modified_gmt":"2025-04-04T07:16:37","slug":"eleraning","status":"publish","type":"page","link":"https:\/\/relnet.hu\/en\/eleraning\/","title":{"rendered":"E-learning"},"content":{"rendered":"<p><img decoding=\"async\" src=\"https:\/\/relnet.hu\/wp-content\/uploads\/2020\/11\/Head-min.png\" alt=\"Head-min\" \/><br \/>\ncenter<br \/>\nrn-kep-kepala<\/p>\n<p><img decoding=\"async\" src=\"https:\/\/relnet.hu\/wp-content\/uploads\/2024\/01\/kepzeseink-en-min.jpg\" alt=\"kepzeseink-en-min\" \/><br \/>\n<a href=\"https:\/\/relnet.hu\/en\/courses\/courses\/\">https:\/\/relnet.hu\/en\/courses\/courses\/<\/a><\/p>\n<p><img decoding=\"async\" src=\"https:\/\/relnet.hu\/wp-content\/uploads\/2024\/01\/Az-On-eredmenyei-en-min.jpg\" alt=\"Az-On-eredmenyei-en-min\" \/><br \/>\n<a href=\"https:\/\/relnet.hu\/en\/courses\/your-results\/\">https:\/\/relnet.hu\/en\/courses\/your-results\/<\/a><\/p>\n<h5>Dear Partners,<\/h5>\n<p>In September 2020, RelNet Technology launched its online training series, which aims to help our reseller partners and end users to better understand the solutions provided by our vendors.<\/p>\n<p>Our partners, whether they are focusing on sales or technology, will find the right content for them in our course offering.<\/p>\n<p>All our eLearning courses are free of charge, but only registered users can take them after logging in.<\/p>\n<p>Each course consists of a video lesson and a test.<\/p>\n<p>To successfully complete the training, you must watch the associated video and achieve a minimum score of 70% on the test.<\/p>\n<p>Points are awarded for completing each course and can be exchanged for gifts from our gift catalog.<\/p>\n<p>We award points for completing each course, which can be redeemed for gifts from our gift catalogue. Gifts of your choice can be picked up by prior arrangement at the RelNet office or at off-site events.<\/p>\n<p>Certificates obtained from our vendors are also worth points!<\/p>\n<p>All certificates received after September 1, 2020 count. Upload your certificate to our web site by clicking on the <a>Upload Certificate<\/a> option here!<\/p>\n<p>It\\&#8217;s worth aiming for the best results possible, as you can redeem your points for valuable gifts. We also reward the best performers every quarter!<\/p>\n<p>In case of equal scores, the one with more correct answers will be ranked first.<\/p>\n<h4>Mentor program<\/h4>\n<p>The RelNet mentor program also awards the mentor who scores the most points. The best mentor will receive a valuable gift. Recommend RelNet eLearning to your colleagues:<\/p>\n<h4>MENTOR PROGRAM CONDITIONS<\/h4>\n<p>It pays to follow our news!<\/p>\n<p>Subscribers to our newsletter will not only receive the latest news, upcoming events and our latest training courses, but at the end of each quarter, our partners with an active subscription for the last 3 months will receive 5 extra points per month!<\/p>\n<p>So our loyal newsletter readers can earn up to 60 extra points in a year. The points are added to the points earned in the eLearning system and can be redeemed for a gift.<\/p>\n<p>Don\\&#8217;t miss this opportunity! Subscribe to our newsletter at the bottom of the page now!<\/p>\n<p>*The program and promotion are not open to RelNet employees and direct competitors. You can find our gift catalogue here:<br \/>\njustify<br \/>\nno-repeat;left top;;<br \/>\nauto<\/p>\n<p><img decoding=\"async\" src=\"https:\/\/relnet.hu\/wp-content\/uploads\/2024\/01\/gift_catalog-min.jpg\" alt=\"gift_catalog-min\" \/><br \/>\ncenter<br \/>\n<a href=\"https:\/\/relnet.hu\/wp-content\/uploads\/2024\/01\/RelNet_eLearning_Ajandekkatalogus_20240122.pdf\">https:\/\/relnet.hu\/wp-content\/uploads\/2024\/01\/RelNet_eLearning_Ajandekkatalogus_20240122.pdf<\/a><br \/>\nrn-kep-kepala<\/p>\n<p>We reward knowledge! Our eLearning promotion offers valuable prizes to our reseller and end-user partners!<\/p>\n<p>Details of our promotion, valid from 2 May to 31 August 2023, can be found here:<\/p>\n<h4>CURRENT PROMOTION<\/h4>\n<p>Good luck!<br \/>\njustify<br \/>\nno-repeat;left top;;<br \/>\nauto<\/p>\n<p><img decoding=\"async\" src=\"https:\/\/relnet.hu\/wp-content\/uploads\/2024\/02\/eLearning2024Eleje-en-min.jpg\" alt=\"eLearning2024Eleje-en-min\" \/><br \/>\ncenter<br \/>\n<a href=\"https:\/\/relnet.hu\/megujult-az-elearning-pontgyujto-versenyunk\/\">https:\/\/relnet.hu\/megujult-az-elearning-pontgyujto-versenyunk\/<\/a><\/p>\n\n<p><br \/>\ncenter<br \/>\nno-repeat;left top;;<br \/>\nauto<\/p>\n<h5>V\u00e1laszthat\u00f3 k\u00e9pz\u00e9seink<\/h5>\n<p>center<br \/>\nno-repeat;left top;;<br \/>\nauto<\/p>\n<p><div id=\"ld-course-list-content-915363d87da04df7fdaf3466e2bc5d74\" class=\"ld-course-list-content\" data-shortcode-atts=\"[&quot;col=\\&quot;2\\&quot;&quot;,&quot;orderby=\\&quot;menu_order\\&quot;&quot;,&quot;order=\\&quot;desc\\&quot;&quot;,&quot;categoryselector=\\&quot;true\\&quot;&quot;]\">\n\t\t\t<div class=\"ld-course-list-items row\">\n\t<!-- LearnDash Course Grid v1 --><div class=\"ld_course_grid col-sm-8 col-md-4 \">\n\t<article id=\"post-32801\" class=\" thumbnail course post-32801 sfwd-courses type-sfwd-courses status-publish has-post-thumbnail hentry category-relnet-en-2 category-elearning-en category-hungarian category-vendor tag-vendor-certificate\">\n\t\t\t\t\t\t\t\t<div class=\"ribbon\">\n\t\t\t\tFree\t\t\t<\/div>\n\t\t\t\n\t\t\t\t\t\t<a href=\"https:\/\/relnet.hu\/en\/kepzes\/gyartoi_vizsgak\/\" rel=\"bookmark\">\n\t\t\t\t<img loading=\"lazy\" decoding=\"async\" width=\"300\" height=\"160\" src=\"https:\/\/relnet.hu\/wp-content\/uploads\/2020\/09\/Gyartoi-vizsgak_2-en-min-300x160.jpg\" class=\"attachment-medium size-medium wp-post-image\" alt=\"\" srcset=\"https:\/\/relnet.hu\/wp-content\/uploads\/2020\/09\/Gyartoi-vizsgak_2-en-min-300x160.jpg 300w, https:\/\/relnet.hu\/wp-content\/uploads\/2020\/09\/Gyartoi-vizsgak_2-en-min-768x410.jpg 768w, https:\/\/relnet.hu\/wp-content\/uploads\/2020\/09\/Gyartoi-vizsgak_2-en-min-400x213.jpg 400w, https:\/\/relnet.hu\/wp-content\/uploads\/2020\/09\/Gyartoi-vizsgak_2-en-min-141x75.jpg 141w, https:\/\/relnet.hu\/wp-content\/uploads\/2020\/09\/Gyartoi-vizsgak_2-en-min-260x139.jpg 260w, https:\/\/relnet.hu\/wp-content\/uploads\/2020\/09\/Gyartoi-vizsgak_2-en-min-50x27.jpg 50w, https:\/\/relnet.hu\/wp-content\/uploads\/2020\/09\/Gyartoi-vizsgak_2-en-min.jpg 960w\" sizes=\"auto, (max-width:767px) 300px, 300px\" \/>\t\t\t<\/a>\n\t\t\t\t\t\n\t\t\t\t\t<div class=\"caption\">\n\t\t\t\t<h3 class=\"entry-title\">Extra Points for Vendor Certificates<\/h3>\n\t\t\t\t\t\t\t\t<div class=\"ld_course_grid_button\"><a class=\"btn btn-primary\" role=\"button\" href=\"https:\/\/relnet.hu\/en\/kepzes\/gyartoi_vizsgak\/\" rel=\"bookmark\">Enroll Now<\/a><\/div>\n\t\t\t\t\t\t\t<\/div><!-- .entry-header -->\n\t\t\t<\/article><!-- #post-## -->\n<\/div><!-- .ld_course_grid -->\n<!-- LearnDash Course Grid v1 --><div class=\"ld_course_grid col-sm-8 col-md-4 \">\n\t<article id=\"post-32696\" class=\" thumbnail course post-32696 sfwd-courses type-sfwd-courses status-publish has-post-thumbnail hentry category-garland-en category-elearning-en category-english category-packet-broker category-tap-en ld_course_category-elearning-en\">\n\t\t\t\t\t\t\t\t<div class=\"ribbon\">\n\t\t\t\tFree\t\t\t<\/div>\n\t\t\t\n\t\t\t\t\t\t<a href=\"https:\/\/relnet.hu\/en\/kepzes\/garland-see-every-bit-byte-and-packet\/\" rel=\"bookmark\">\n\t\t\t\t<img loading=\"lazy\" decoding=\"async\" width=\"300\" height=\"160\" src=\"https:\/\/relnet.hu\/wp-content\/uploads\/2020\/10\/Garland-en-min-300x160.png\" class=\"attachment-medium size-medium wp-post-image\" alt=\"\" srcset=\"https:\/\/relnet.hu\/wp-content\/uploads\/2020\/10\/Garland-en-min-300x160.png 300w, https:\/\/relnet.hu\/wp-content\/uploads\/2020\/10\/Garland-en-min-768x410.png 768w, https:\/\/relnet.hu\/wp-content\/uploads\/2020\/10\/Garland-en-min-400x213.png 400w, https:\/\/relnet.hu\/wp-content\/uploads\/2020\/10\/Garland-en-min-141x75.png 141w, https:\/\/relnet.hu\/wp-content\/uploads\/2020\/10\/Garland-en-min-260x139.png 260w, https:\/\/relnet.hu\/wp-content\/uploads\/2020\/10\/Garland-en-min-50x27.png 50w, https:\/\/relnet.hu\/wp-content\/uploads\/2020\/10\/Garland-en-min.png 960w\" sizes=\"auto, (max-width:767px) 300px, 300px\" \/>\t\t\t<\/a>\n\t\t\t\t\t\n\t\t\t\t\t<div class=\"caption\">\n\t\t\t\t<h3 class=\"entry-title\">Garland \u2013 See Every Bit, Byte and Packet!<\/h3>\n\t\t\t\t\t\t\t\t<div class=\"ld_course_grid_button\"><a class=\"btn btn-primary\" role=\"button\" href=\"https:\/\/relnet.hu\/en\/kepzes\/garland-see-every-bit-byte-and-packet\/\" rel=\"bookmark\">Enroll Now<\/a><\/div>\n\t\t\t\t\t\t\t<\/div><!-- .entry-header -->\n\t\t\t<\/article><!-- #post-## -->\n<\/div><!-- .ld_course_grid -->\n<!-- LearnDash Course Grid v1 --><div class=\"ld_course_grid col-sm-8 col-md-4 \">\n\t<article id=\"post-32149\" class=\" thumbnail course post-32149 sfwd-courses type-sfwd-courses status-publish has-post-thumbnail hentry category-garland-en category-elearning-en category-english category-packet-broker category-tap-en ld_course_category-elearning-en\">\n\t\t\t\t\t\t\t\t<div class=\"ribbon\">\n\t\t\t\tFree\t\t\t<\/div>\n\t\t\t\n\t\t\t\t\t\t<a href=\"https:\/\/relnet.hu\/en\/kepzes\/garland-tech-2-alapveto-tap-funkciok\/\" rel=\"bookmark\">\n\t\t\t\t<img loading=\"lazy\" decoding=\"async\" width=\"300\" height=\"160\" src=\"https:\/\/relnet.hu\/wp-content\/uploads\/2021\/03\/5_Funkciok-min-en-300x160.jpg\" class=\"attachment-medium size-medium wp-post-image\" alt=\"\" srcset=\"https:\/\/relnet.hu\/wp-content\/uploads\/2021\/03\/5_Funkciok-min-en-300x160.jpg 300w, https:\/\/relnet.hu\/wp-content\/uploads\/2021\/03\/5_Funkciok-min-en-768x410.jpg 768w, https:\/\/relnet.hu\/wp-content\/uploads\/2021\/03\/5_Funkciok-min-en-400x213.jpg 400w, https:\/\/relnet.hu\/wp-content\/uploads\/2021\/03\/5_Funkciok-min-en-141x75.jpg 141w, https:\/\/relnet.hu\/wp-content\/uploads\/2021\/03\/5_Funkciok-min-en-260x139.jpg 260w, https:\/\/relnet.hu\/wp-content\/uploads\/2021\/03\/5_Funkciok-min-en-50x27.jpg 50w, https:\/\/relnet.hu\/wp-content\/uploads\/2021\/03\/5_Funkciok-min-en.jpg 960w\" sizes=\"auto, (max-width:767px) 300px, 300px\" \/>\t\t\t<\/a>\n\t\t\t\t\t\n\t\t\t\t\t<div class=\"caption\">\n\t\t\t\t<h3 class=\"entry-title\">Garland Tech 2 &#8211; Basic TAP functions<\/h3>\n\t\t\t\t\t\t\t\t<div class=\"ld_course_grid_button\"><a class=\"btn btn-primary\" role=\"button\" href=\"https:\/\/relnet.hu\/en\/kepzes\/garland-tech-2-alapveto-tap-funkciok\/\" rel=\"bookmark\">Enroll Now<\/a><\/div>\n\t\t\t\t\t\t\t<\/div><!-- .entry-header -->\n\t\t\t<\/article><!-- #post-## -->\n<\/div><!-- .ld_course_grid -->\n<!-- LearnDash Course Grid v1 --><div class=\"ld_course_grid col-sm-8 col-md-4 \">\n\t<article id=\"post-32112\" class=\" thumbnail course post-32112 sfwd-courses type-sfwd-courses status-publish has-post-thumbnail hentry category-garland-en category-elearning-en category-english category-packet-broker category-tap-en ld_course_category-elearning-en\">\n\t\t\t\t\t\t\t\t<div class=\"ribbon\">\n\t\t\t\tFree\t\t\t<\/div>\n\t\t\t\n\t\t\t\t\t\t<a href=\"https:\/\/relnet.hu\/en\/kepzes\/garland-tech-1-a-tap-ok-elonyei-es-fajtai\/\" rel=\"bookmark\">\n\t\t\t\t<img loading=\"lazy\" decoding=\"async\" width=\"300\" height=\"160\" src=\"https:\/\/relnet.hu\/wp-content\/uploads\/2021\/03\/4_TAPokFajtai-mIN-EN-300x160.jpg\" class=\"attachment-medium size-medium wp-post-image\" alt=\"\" srcset=\"https:\/\/relnet.hu\/wp-content\/uploads\/2021\/03\/4_TAPokFajtai-mIN-EN-300x160.jpg 300w, https:\/\/relnet.hu\/wp-content\/uploads\/2021\/03\/4_TAPokFajtai-mIN-EN-768x410.jpg 768w, https:\/\/relnet.hu\/wp-content\/uploads\/2021\/03\/4_TAPokFajtai-mIN-EN-400x213.jpg 400w, https:\/\/relnet.hu\/wp-content\/uploads\/2021\/03\/4_TAPokFajtai-mIN-EN-141x75.jpg 141w, https:\/\/relnet.hu\/wp-content\/uploads\/2021\/03\/4_TAPokFajtai-mIN-EN-260x139.jpg 260w, https:\/\/relnet.hu\/wp-content\/uploads\/2021\/03\/4_TAPokFajtai-mIN-EN-50x27.jpg 50w, https:\/\/relnet.hu\/wp-content\/uploads\/2021\/03\/4_TAPokFajtai-mIN-EN.jpg 960w\" sizes=\"auto, (max-width:767px) 300px, 300px\" \/>\t\t\t<\/a>\n\t\t\t\t\t\n\t\t\t\t\t<div class=\"caption\">\n\t\t\t\t<h3 class=\"entry-title\">Garland Tech 1 &#8211; Advantages and Types of TAPs<\/h3>\n\t\t\t\t\t\t\t\t<div class=\"ld_course_grid_button\"><a class=\"btn btn-primary\" role=\"button\" href=\"https:\/\/relnet.hu\/en\/kepzes\/garland-tech-1-a-tap-ok-elonyei-es-fajtai\/\" rel=\"bookmark\">Enroll Now<\/a><\/div>\n\t\t\t\t\t\t\t<\/div><!-- .entry-header -->\n\t\t\t<\/article><!-- #post-## -->\n<\/div><!-- .ld_course_grid -->\n<!-- LearnDash Course Grid v1 --><div class=\"ld_course_grid col-sm-8 col-md-4 \">\n\t<article id=\"post-32073\" class=\" thumbnail course post-32073 sfwd-courses type-sfwd-courses status-publish has-post-thumbnail hentry category-garland-en category-elearning-en category-english category-packet-broker category-tap-en ld_course_category-elearning-en\">\n\t\t\t\t\t\t\t\t<div class=\"ribbon\">\n\t\t\t\tFree\t\t\t<\/div>\n\t\t\t\n\t\t\t\t\t\t<a href=\"https:\/\/relnet.hu\/en\/kepzes\/garland-sales-3-a-partnerseg-elonyei-es-ertekesitesi-technikak-szerepjatekkal\/\" rel=\"bookmark\">\n\t\t\t\t<img loading=\"lazy\" decoding=\"async\" width=\"300\" height=\"160\" src=\"https:\/\/relnet.hu\/wp-content\/uploads\/2021\/03\/2_Partnerseg-min-EN-300x160.jpg\" class=\"attachment-medium size-medium wp-post-image\" alt=\"\" srcset=\"https:\/\/relnet.hu\/wp-content\/uploads\/2021\/03\/2_Partnerseg-min-EN-300x160.jpg 300w, https:\/\/relnet.hu\/wp-content\/uploads\/2021\/03\/2_Partnerseg-min-EN-768x410.jpg 768w, https:\/\/relnet.hu\/wp-content\/uploads\/2021\/03\/2_Partnerseg-min-EN-400x213.jpg 400w, https:\/\/relnet.hu\/wp-content\/uploads\/2021\/03\/2_Partnerseg-min-EN-141x75.jpg 141w, https:\/\/relnet.hu\/wp-content\/uploads\/2021\/03\/2_Partnerseg-min-EN-260x139.jpg 260w, https:\/\/relnet.hu\/wp-content\/uploads\/2021\/03\/2_Partnerseg-min-EN-50x27.jpg 50w, https:\/\/relnet.hu\/wp-content\/uploads\/2021\/03\/2_Partnerseg-min-EN.jpg 960w\" sizes=\"auto, (max-width:767px) 300px, 300px\" \/>\t\t\t<\/a>\n\t\t\t\t\t\n\t\t\t\t\t<div class=\"caption\">\n\t\t\t\t<h3 class=\"entry-title\">Garland Sales 3 &#8211; Partnership Benefits and Sales Techniques, with Role Play<\/h3>\n\t\t\t\t\t\t\t\t<div class=\"ld_course_grid_button\"><a class=\"btn btn-primary\" role=\"button\" href=\"https:\/\/relnet.hu\/en\/kepzes\/garland-sales-3-a-partnerseg-elonyei-es-ertekesitesi-technikak-szerepjatekkal\/\" rel=\"bookmark\">Enroll Now<\/a><\/div>\n\t\t\t\t\t\t\t<\/div><!-- .entry-header -->\n\t\t\t<\/article><!-- #post-## -->\n<\/div><!-- .ld_course_grid -->\n<!-- LearnDash Course Grid v1 --><div class=\"ld_course_grid col-sm-8 col-md-4 \">\n\t<article id=\"post-32033\" class=\" thumbnail course post-32033 sfwd-courses type-sfwd-courses status-publish has-post-thumbnail hentry category-garland-en category-elearning-en category-english category-packet-broker category-tap-en ld_course_category-elearning-en\">\n\t\t\t\t\t\t\t\t<div class=\"ribbon\">\n\t\t\t\tFree\t\t\t<\/div>\n\t\t\t\n\t\t\t\t\t\t<a href=\"https:\/\/relnet.hu\/en\/kepzes\/garland-sales-2-termekek-es-megoldasok-attekintese\/\" rel=\"bookmark\">\n\t\t\t\t<img loading=\"lazy\" decoding=\"async\" width=\"300\" height=\"160\" src=\"https:\/\/relnet.hu\/wp-content\/uploads\/2021\/03\/2_Termekek-min-EN-300x160.jpg\" class=\"attachment-medium size-medium wp-post-image\" alt=\"\" srcset=\"https:\/\/relnet.hu\/wp-content\/uploads\/2021\/03\/2_Termekek-min-EN-300x160.jpg 300w, https:\/\/relnet.hu\/wp-content\/uploads\/2021\/03\/2_Termekek-min-EN-768x410.jpg 768w, https:\/\/relnet.hu\/wp-content\/uploads\/2021\/03\/2_Termekek-min-EN-400x213.jpg 400w, https:\/\/relnet.hu\/wp-content\/uploads\/2021\/03\/2_Termekek-min-EN-141x75.jpg 141w, https:\/\/relnet.hu\/wp-content\/uploads\/2021\/03\/2_Termekek-min-EN-260x139.jpg 260w, https:\/\/relnet.hu\/wp-content\/uploads\/2021\/03\/2_Termekek-min-EN-50x27.jpg 50w, https:\/\/relnet.hu\/wp-content\/uploads\/2021\/03\/2_Termekek-min-EN.jpg 960w\" sizes=\"auto, (max-width:767px) 300px, 300px\" \/>\t\t\t<\/a>\n\t\t\t\t\t\n\t\t\t\t\t<div class=\"caption\">\n\t\t\t\t<h3 class=\"entry-title\">Garland Sales 2 &#8211; Overview of Products and Solutions<\/h3>\n\t\t\t\t\t\t\t\t<div class=\"ld_course_grid_button\"><a class=\"btn btn-primary\" role=\"button\" href=\"https:\/\/relnet.hu\/en\/kepzes\/garland-sales-2-termekek-es-megoldasok-attekintese\/\" rel=\"bookmark\">Enroll Now<\/a><\/div>\n\t\t\t\t\t\t\t<\/div><!-- .entry-header -->\n\t\t\t<\/article><!-- #post-## -->\n<\/div><!-- .ld_course_grid -->\n<!-- LearnDash Course Grid v1 --><div class=\"ld_course_grid col-sm-8 col-md-4 \">\n\t<article id=\"post-31941\" class=\" thumbnail course post-31941 sfwd-courses type-sfwd-courses status-publish has-post-thumbnail hentry category-garland-en category-elearning-en category-english category-packet-broker category-tap-en ld_course_category-elearning-en\">\n\t\t\t\t\t\t\t\t<div class=\"ribbon\">\n\t\t\t\tFree\t\t\t<\/div>\n\t\t\t\n\t\t\t\t\t\t<a href=\"https:\/\/relnet.hu\/en\/kepzes\/garland-sales-1-gyorstalpalo-bevezetes-a-halozati-lathatosagba\/\" rel=\"bookmark\">\n\t\t\t\t<img loading=\"lazy\" decoding=\"async\" width=\"300\" height=\"160\" src=\"https:\/\/relnet.hu\/wp-content\/uploads\/2021\/03\/1_Gyorstalpalo-min-1-en-300x160.jpg\" class=\"attachment-medium size-medium wp-post-image\" alt=\"\" srcset=\"https:\/\/relnet.hu\/wp-content\/uploads\/2021\/03\/1_Gyorstalpalo-min-1-en-300x160.jpg 300w, https:\/\/relnet.hu\/wp-content\/uploads\/2021\/03\/1_Gyorstalpalo-min-1-en-768x410.jpg 768w, https:\/\/relnet.hu\/wp-content\/uploads\/2021\/03\/1_Gyorstalpalo-min-1-en-400x213.jpg 400w, https:\/\/relnet.hu\/wp-content\/uploads\/2021\/03\/1_Gyorstalpalo-min-1-en-141x75.jpg 141w, https:\/\/relnet.hu\/wp-content\/uploads\/2021\/03\/1_Gyorstalpalo-min-1-en-260x139.jpg 260w, https:\/\/relnet.hu\/wp-content\/uploads\/2021\/03\/1_Gyorstalpalo-min-1-en-50x27.jpg 50w, https:\/\/relnet.hu\/wp-content\/uploads\/2021\/03\/1_Gyorstalpalo-min-1-en.jpg 960w\" sizes=\"auto, (max-width:767px) 300px, 300px\" \/>\t\t\t<\/a>\n\t\t\t\t\t\n\t\t\t\t\t<div class=\"caption\">\n\t\t\t\t<h3 class=\"entry-title\">Garland Sales 1 \u2013 Introduction to Network Visibility<\/h3>\n\t\t\t\t\t\t\t\t<div class=\"ld_course_grid_button\"><a class=\"btn btn-primary\" role=\"button\" href=\"https:\/\/relnet.hu\/en\/kepzes\/garland-sales-1-gyorstalpalo-bevezetes-a-halozati-lathatosagba\/\" rel=\"bookmark\">Enroll Now<\/a><\/div>\n\t\t\t\t\t\t\t<\/div><!-- .entry-header -->\n\t\t\t<\/article><!-- #post-## -->\n<\/div><!-- .ld_course_grid -->\n<!-- LearnDash Course Grid v1 --><div class=\"ld_course_grid col-sm-8 col-md-4 \">\n\t<article id=\"post-31844\" class=\" thumbnail course post-31844 sfwd-courses type-sfwd-courses status-publish has-post-thumbnail hentry category-garland-en category-elearning-en category-english category-packet-broker category-tap-en ld_course_category-elearning-en\">\n\t\t\t\t\t\t\t\t<div class=\"ribbon\">\n\t\t\t\tFree\t\t\t<\/div>\n\t\t\t\n\t\t\t\t\t\t<a href=\"https:\/\/relnet.hu\/en\/kepzes\/a-garland-technology-tortenete-es-megoldasai\/\" rel=\"bookmark\">\n\t\t\t\t<img loading=\"lazy\" decoding=\"async\" width=\"300\" height=\"160\" src=\"https:\/\/relnet.hu\/wp-content\/uploads\/2021\/11\/Garland_story-en-min-300x160.jpg\" class=\"attachment-medium size-medium wp-post-image\" alt=\"\" srcset=\"https:\/\/relnet.hu\/wp-content\/uploads\/2021\/11\/Garland_story-en-min-300x160.jpg 300w, https:\/\/relnet.hu\/wp-content\/uploads\/2021\/11\/Garland_story-en-min-768x410.jpg 768w, https:\/\/relnet.hu\/wp-content\/uploads\/2021\/11\/Garland_story-en-min-400x213.jpg 400w, https:\/\/relnet.hu\/wp-content\/uploads\/2021\/11\/Garland_story-en-min-141x75.jpg 141w, https:\/\/relnet.hu\/wp-content\/uploads\/2021\/11\/Garland_story-en-min-260x139.jpg 260w, https:\/\/relnet.hu\/wp-content\/uploads\/2021\/11\/Garland_story-en-min-50x27.jpg 50w, https:\/\/relnet.hu\/wp-content\/uploads\/2021\/11\/Garland_story-en-min.jpg 960w\" sizes=\"auto, (max-width:767px) 300px, 300px\" \/>\t\t\t<\/a>\n\t\t\t\t\t\n\t\t\t\t\t<div class=\"caption\">\n\t\t\t\t<h3 class=\"entry-title\">About Garland Technology and Its Solutions<\/h3>\n\t\t\t\t\t\t\t\t<div class=\"ld_course_grid_button\"><a class=\"btn btn-primary\" role=\"button\" href=\"https:\/\/relnet.hu\/en\/kepzes\/a-garland-technology-tortenete-es-megoldasai\/\" rel=\"bookmark\">Enroll Now<\/a><\/div>\n\t\t\t\t\t\t\t<\/div><!-- .entry-header -->\n\t\t\t<\/article><!-- #post-## -->\n<\/div><!-- .ld_course_grid -->\n<!-- LearnDash Course Grid v1 --><div class=\"ld_course_grid col-sm-8 col-md-4 \">\n\t<article id=\"post-31817\" class=\" thumbnail course post-31817 sfwd-courses type-sfwd-courses status-publish has-post-thumbnail hentry category-garland-en category-english category-end-user category-for-resellers category-ot-en category-packet-broker category-tap-en ld_course_category-elearning-en\">\n\t\t\t\t\t\t\t\t<div class=\"ribbon\">\n\t\t\t\tFree\t\t\t<\/div>\n\t\t\t\n\t\t\t\t\t\t<a href=\"https:\/\/relnet.hu\/en\/kepzes\/garland-valasz-az-it-ot-konvergencia-kihivasaira\/\" rel=\"bookmark\">\n\t\t\t\t<img loading=\"lazy\" decoding=\"async\" width=\"300\" height=\"160\" src=\"https:\/\/relnet.hu\/wp-content\/uploads\/2022\/11\/Garland_IT_OT_English-min-300x160.jpg\" class=\"attachment-medium size-medium wp-post-image\" alt=\"\" srcset=\"https:\/\/relnet.hu\/wp-content\/uploads\/2022\/11\/Garland_IT_OT_English-min-300x160.jpg 300w, https:\/\/relnet.hu\/wp-content\/uploads\/2022\/11\/Garland_IT_OT_English-min-768x410.jpg 768w, https:\/\/relnet.hu\/wp-content\/uploads\/2022\/11\/Garland_IT_OT_English-min-400x213.jpg 400w, https:\/\/relnet.hu\/wp-content\/uploads\/2022\/11\/Garland_IT_OT_English-min-141x75.jpg 141w, https:\/\/relnet.hu\/wp-content\/uploads\/2022\/11\/Garland_IT_OT_English-min-260x139.jpg 260w, https:\/\/relnet.hu\/wp-content\/uploads\/2022\/11\/Garland_IT_OT_English-min-50x27.jpg 50w, https:\/\/relnet.hu\/wp-content\/uploads\/2022\/11\/Garland_IT_OT_English-min.jpg 960w\" sizes=\"auto, (max-width:767px) 300px, 300px\" \/>\t\t\t<\/a>\n\t\t\t\t\t\n\t\t\t\t\t<div class=\"caption\">\n\t\t\t\t<h3 class=\"entry-title\">Garland \u2013 Are You Prepared for the IT\/OT Convergence?<\/h3>\n\t\t\t\t\t\t\t\t<div class=\"ld_course_grid_button\"><a class=\"btn btn-primary\" role=\"button\" href=\"https:\/\/relnet.hu\/en\/kepzes\/garland-valasz-az-it-ot-konvergencia-kihivasaira\/\" rel=\"bookmark\">Enroll Now<\/a><\/div>\n\t\t\t\t\t\t\t<\/div><!-- .entry-header -->\n\t\t\t<\/article><!-- #post-## -->\n<\/div><!-- .ld_course_grid -->\n\t<\/div>\n\t\t\t<\/div>\n\t\t<br \/>\nno-repeat;left top;;<br \/>\nauto<\/p>\n","protected":false},"excerpt":{"rendered":"<p>center rn-kep-kepala https:\/\/relnet.hu\/en\/courses\/courses\/ https:\/\/relnet.hu\/en\/courses\/your-results\/ Dear Partners, In September 2020, RelNet Technology launched its online training series, which aims<span class=\"excerpt-hellip\"> [\u2026]<\/span><\/p>\n","protected":false},"author":1086,"featured_media":0,"parent":0,"menu_order":0,"comment_status":"closed","ping_status":"closed","template":"","meta":{"footnotes":""},"yst_prominent_words":[],"class_list":["post-32652","page","type-page","status-publish","hentry"],"_links":{"self":[{"href":"https:\/\/relnet.hu\/en\/wp-json\/wp\/v2\/pages\/32652","targetHints":{"allow":["GET"]}}],"collection":[{"href":"https:\/\/relnet.hu\/en\/wp-json\/wp\/v2\/pages"}],"about":[{"href":"https:\/\/relnet.hu\/en\/wp-json\/wp\/v2\/types\/page"}],"author":[{"embeddable":true,"href":"https:\/\/relnet.hu\/en\/wp-json\/wp\/v2\/users\/1086"}],"replies":[{"embeddable":true,"href":"https:\/\/relnet.hu\/en\/wp-json\/wp\/v2\/comments?post=32652"}],"version-history":[{"count":9,"href":"https:\/\/relnet.hu\/en\/wp-json\/wp\/v2\/pages\/32652\/revisions"}],"predecessor-version":[{"id":37148,"href":"https:\/\/relnet.hu\/en\/wp-json\/wp\/v2\/pages\/32652\/revisions\/37148"}],"wp:attachment":[{"href":"https:\/\/relnet.hu\/en\/wp-json\/wp\/v2\/media?parent=32652"}],"wp:term":[{"taxonomy":"yst_prominent_words","embeddable":true,"href":"https:\/\/relnet.hu\/en\/wp-json\/wp\/v2\/yst_prominent_words?post=32652"}],"curies":[{"name":"wp","href":"https:\/\/api.w.org\/{rel}","templated":true}]}}