{"id":6393,"date":"2020-05-07T16:33:06","date_gmt":"2020-05-07T14:33:06","guid":{"rendered":"https:\/\/relnet.hu\/?page_id=6393"},"modified":"2026-01-07T14:36:12","modified_gmt":"2026-01-07T13:36:12","slug":"panda-security","status":"publish","type":"page","link":"https:\/\/relnet.hu\/en\/gyartoink\/panda-security\/","title":{"rendered":"Panda Security"},"content":{"rendered":"<p style=\"text-align: center;\"><a href=\"https:\/\/relnet.hu\/en\/gyartoink-manufacturer_id12\/panda-002-2\/\" rel=\"attachment wp-att-1563\"><img loading=\"lazy\" decoding=\"async\" class=\"alignnone size-full wp-image-1563\" src=\"https:\/\/relnet.hu\/wp-content\/uploads\/2019\/02\/panda-002.jpg\" alt=\"Panda\" width=\"790\" height=\"350\" srcset=\"https:\/\/relnet.hu\/wp-content\/uploads\/2019\/02\/panda-002.jpg 790w, https:\/\/relnet.hu\/wp-content\/uploads\/2019\/02\/panda-002-300x133.jpg 300w, https:\/\/relnet.hu\/wp-content\/uploads\/2019\/02\/panda-002-768x340.jpg 768w, https:\/\/relnet.hu\/wp-content\/uploads\/2019\/02\/panda-002-400x177.jpg 400w, https:\/\/relnet.hu\/wp-content\/uploads\/2019\/02\/panda-002-150x66.jpg 150w, https:\/\/relnet.hu\/wp-content\/uploads\/2019\/02\/panda-002-260x115.jpg 260w, https:\/\/relnet.hu\/wp-content\/uploads\/2019\/02\/panda-002-50x22.jpg 50w, https:\/\/relnet.hu\/wp-content\/uploads\/2019\/02\/panda-002-20x9.jpg 20w\" sizes=\"auto, (max-width:767px) 480px, (max-width:790px) 100vw, 790px\" \/><\/a><\/p>\n<p>A Panda Security Eur\u00f3pa vezet\u0151 EDR (Endpoint Detection and Response) gy\u00e1rt\u00f3ja, az ipar\u00e1gban szok\u00e1sost\u00f3l elt\u00e9r\u0151en nem a Szil\u00edcium-v\u00f6lgyb\u0151l vagy \u00c1zsi\u00e1b\u00f3l indult, hanem a kezdetekt\u0151l fogva spanyol tulajdonban van, eur\u00f3pai uni\u00f3s sz\u00e9khellyel. Saj\u00e1t fejleszt\u00e9s\u0171 technol\u00f3gi\u00e1val \u00e9s felh\u0151 alap\u00fa platformmal rendelkezik. A fejlett kiberv\u00e9delmi modellr\u0151l alkotott, j\u00f6v\u0151be tekint\u0151 elk\u00e9pzel\u00e9s\u00e9nek k\u00f6sz\u00f6nhet\u0151en a Panda megkapta a Common Criteria EAL2 hiteles\u00edt\u00e9st, a National Cryptology Center (CCN-CERT) \u201eQualified IT Security Product\u201d (\u201eMin\u0151s\u00edtett IT Biztons\u00e1gi Term\u00e9k\u201d) hiteles\u00edt\u00e9s\u00e9t, \u00e9s a \u201eHigh ENS\u201d (National Security Framework) oszt\u00e1lyoz\u00e1st.<\/p>\n<p>A Panda Adaptive Defense az egyetlen megold\u00e1s, ami ezekkel a hiteles\u00edt\u00e9sekkel rendelkezik.<\/p>\n<h5><strong>Term\u00e9keik:<\/strong><\/h5>\n<ul>\n<li>Panda Endpoint Protection (Hagyom\u00e1nyos v\u00e9gpontv\u00e9delem)<\/li>\n<li>Panda Adaptive Defense (\u00daj gener\u00e1ci\u00f3s EDR v\u00e9delem)<\/li>\n<li>Panda Systems Management (T\u00e1v\u00fczemeltet\u00e9s)<\/li>\n<\/ul>\n<h5><strong>Kieg\u00e9sz\u00edt\u0151 modulok:<\/strong><\/h5>\n<ul>\n<li>Panda Data Control (GDPR megfelel\u00e9sben seg\u00edt)<\/li>\n<li>Panda Patch Management<\/li>\n<li>Panda Advacned Reporting Tool (V\u00e9gponti SIEM)<\/li>\n<\/ul>\n<h5><strong>Adaptive Defense<\/strong><\/h5>\n<p>A Panda Adaptive Defense az els\u0151 \u00e9s egyetlen menedzselt kiberv\u00e9delmi szolg\u00e1ltat\u00e1s, ami egyes\u00edti a fejlett v\u00e9delmi technol\u00f3gi\u00e1kat (EPP) valamint a detekt\u00e1l\u00e1s \u00e9s k\u00e1rmentes\u00edt\u00e9s (EDR) funkci\u00f3kat, azzal a k\u00e9pess\u00e9ggel, hogy oszt\u00e1lyozza a v\u00e9gpontokon fut\u00f3 alkalmaz\u00e1sok 100%-\u00e1t. Ez az \u00faj biztons\u00e1gi modell k\u00e9pes \u00e9szlelni a szokatlan viselked\u00e9seket m\u00e9g miel\u0151tt azok k\u00e1rt tehetn\u00e9nek.<\/p>\n<p style=\"text-align: center;\"><iframe loading=\"lazy\" class=\"wistia_embed\" title=\"Wistia video player\" src=\"https:\/\/www.youtube.com\/embed\/gik-GgrDKY4\" name=\"wistia_embed\" width=\"560\" height=\"315\" frameborder=\"0\" scrolling=\"no\" allowfullscreen=\"allowfullscreen\"><\/iframe><\/p>\n<h5><strong>Data Control &#8211; GDPR megfelel\u00e9s<\/strong><\/h5>\n<p>A rendszerein t\u00e1rolt \u00f6sszes szem\u00e9lyes inform\u00e1ci\u00f3t (adatlelt\u00e1r, megfigyel\u00e9s \u00e9s elemz\u00e9sek) kezelheti a Panda Data Control seg\u00edts\u00e9g\u00e9vel, \u00edgy egyszer\u0171en megfelelhet az adatv\u00e9delmi szab\u00e1lyz\u00e1soknak, valamint seg\u00edt felt\u00e1rni \u00e9s meg\u00f3vni a szem\u00e9lyes \u00e9s bizalmas inform\u00e1ci\u00f3kat, mind val\u00f3s id\u0151ben, mind teljes \u00e9letciklusuk sor\u00e1n a v\u00e9gpontokon \u00e9s a szervereken.<\/p>\n<p style=\"text-align: center;\"><iframe loading=\"lazy\" class=\"wistia_embed\" title=\"Wistia video player\" src=\"https:\/\/www.youtube.com\/embed\/HbIEdfLV-qE\" name=\"wistia_embed\" width=\"560\" height=\"315\" frameborder=\"0\" scrolling=\"no\" allowfullscreen=\"allowfullscreen\"><\/iframe><\/p>\n<p>Tov\u00e1bbi inform\u00e1ci\u00f3t tal\u00e1l a Panda GDPR modulj\u00e1r\u00f3l &#8211; Youtube csatorn\u00e1nkon:<\/p>\n<p style=\"text-align: center;\"><iframe loading=\"lazy\" class=\"wistia_embed\" title=\"Wistia video player\" src=\"https:\/\/www.youtube.com\/embed\/D-InS2-aCU4\" name=\"wistia_embed\" width=\"560\" height=\"315\" frameborder=\"0\" scrolling=\"no\" allowfullscreen=\"allowfullscreen\"><\/iframe><\/p>\n<p><img loading=\"lazy\" decoding=\"async\" class=\"aligncenter size-large wp-image-866\" src=\"https:\/\/relnet.hu\/wp-content\/uploads\/2019\/02\/Panda_Certifications.png\" alt=\"\" width=\"630\" height=\"280\" \/><\/p>\n<h5><strong>Common Criteria EAL2 +<\/strong><\/h5>\n<p>A Panda fejlett kiberv\u00e9delmi megold\u00e1sa, az Adaptive Defense az egyetlen EDR-technol\u00f3gi\u00e1s (Endpoint Detection and Response) v\u00e9delmi eszk\u00f6z, amely EAL2+ min\u0151s\u00edt\u00e9s\u0171 \u00e9rt\u00e9kel\u00e9st kapott a Common Criteria sztenderd szerint \u2013 (BOE).<\/p>\n<h5><strong>Gartner EPP Magic Quadrant<br \/>\n<\/strong><br \/>\n2018. janu\u00e1rj\u00e1ban a Gartner a v\u00e9gpontv\u00e9delmi platformok (EPP) piac\u00e1t vizsg\u00e1l\u00f3 \u201eMagic Quadrant\u201d elemz\u00e9s\u00e9ben a L\u00e1tnokok (\u201eVisionaries\u201d) k\u00f6z\u00e9 poz\u00edcion\u00e1lta.<\/h5>\n<h5><strong>Gartner Peer Insights<\/strong><\/h5>\n<p>2019. janu\u00e1rj\u00e1ban a Gartner Peer Insights az \u00fcgyfelek v\u00e1laszt\u00e1sa alapj\u00e1n a legjobb EDR (Endpoint Detection and Response Solutions) megold\u00e1snak v\u00e1lasztotta.<\/p>\n","protected":false},"excerpt":{"rendered":"<p>A Panda Security Eur\u00f3pa vezet\u0151 EDR (Endpoint Detection and Response) gy\u00e1rt\u00f3ja, az ipar\u00e1gban szok\u00e1sost\u00f3l elt\u00e9r\u0151en nem a Szil\u00edcium-v\u00f6lgyb\u0151l<span class=\"excerpt-hellip\"> [\u2026]<\/span><\/p>\n","protected":false},"author":1086,"featured_media":1563,"parent":681,"menu_order":0,"comment_status":"closed","ping_status":"closed","template":"","meta":{"footnotes":""},"yst_prominent_words":[],"class_list":["post-6393","page","type-page","status-publish","has-post-thumbnail","hentry"],"_links":{"self":[{"href":"https:\/\/relnet.hu\/en\/wp-json\/wp\/v2\/pages\/6393","targetHints":{"allow":["GET"]}}],"collection":[{"href":"https:\/\/relnet.hu\/en\/wp-json\/wp\/v2\/pages"}],"about":[{"href":"https:\/\/relnet.hu\/en\/wp-json\/wp\/v2\/types\/page"}],"author":[{"embeddable":true,"href":"https:\/\/relnet.hu\/en\/wp-json\/wp\/v2\/users\/1086"}],"replies":[{"embeddable":true,"href":"https:\/\/relnet.hu\/en\/wp-json\/wp\/v2\/comments?post=6393"}],"version-history":[{"count":3,"href":"https:\/\/relnet.hu\/en\/wp-json\/wp\/v2\/pages\/6393\/revisions"}],"predecessor-version":[{"id":40900,"href":"https:\/\/relnet.hu\/en\/wp-json\/wp\/v2\/pages\/6393\/revisions\/40900"}],"up":[{"embeddable":true,"href":"https:\/\/relnet.hu\/en\/wp-json\/wp\/v2\/pages\/681"}],"wp:featuredmedia":[{"embeddable":true,"href":"https:\/\/relnet.hu\/en\/wp-json\/wp\/v2\/media\/1563"}],"wp:attachment":[{"href":"https:\/\/relnet.hu\/en\/wp-json\/wp\/v2\/media?parent=6393"}],"wp:term":[{"taxonomy":"yst_prominent_words","embeddable":true,"href":"https:\/\/relnet.hu\/en\/wp-json\/wp\/v2\/yst_prominent_words?post=6393"}],"curies":[{"name":"wp","href":"https:\/\/api.w.org\/{rel}","templated":true}]}}